{"id":171,"date":"2023-11-16T02:27:54","date_gmt":"2023-11-16T01:27:54","guid":{"rendered":"http:\/\/blackberline.fr\/?page_id=171"},"modified":"2023-11-17T21:48:17","modified_gmt":"2023-11-17T20:48:17","slug":"flotte","status":"publish","type":"page","link":"https:\/\/blackberline.fr\/index.php\/flotte\/","title":{"rendered":"Flotte"},"content":{"rendered":"\t\t<div data-elementor-type=\"wp-page\" data-elementor-id=\"171\" class=\"elementor elementor-171\">\n\t\t\t\t\t\t\t<div class=\"elementor-element elementor-element-313808a e-flex e-con-boxed e-con e-parent\" data-id=\"313808a\" data-element_type=\"container\" data-settings=\"{&quot;content_width&quot;:&quot;boxed&quot;}\" data-core-v316-plus=\"true\">\n\t\t\t\t\t<div class=\"e-con-inner\">\n\t\t<div class=\"elementor-element elementor-element-51c7efd e-con-full e-flex e-con e-child\" data-id=\"51c7efd\" data-element_type=\"container\" data-settings=\"{&quot;content_width&quot;:&quot;full&quot;}\">\n\t\t\t\t<div class=\"elementor-element elementor-element-00a522f elementor-widget elementor-widget-heading\" data-id=\"00a522f\" data-element_type=\"widget\" data-widget_type=\"heading.default\">\n\t\t\t\t<div class=\"elementor-widget-container\">\n\t\t\t<style>\/*! elementor - v3.17.0 - 08-11-2023 *\/\n.elementor-heading-title{padding:0;margin:0;line-height:1}.elementor-widget-heading .elementor-heading-title[class*=elementor-size-]>a{color:inherit;font-size:inherit;line-height:inherit}.elementor-widget-heading .elementor-heading-title.elementor-size-small{font-size:15px}.elementor-widget-heading .elementor-heading-title.elementor-size-medium{font-size:19px}.elementor-widget-heading .elementor-heading-title.elementor-size-large{font-size:29px}.elementor-widget-heading .elementor-heading-title.elementor-size-xl{font-size:39px}.elementor-widget-heading .elementor-heading-title.elementor-size-xxl{font-size:59px}<\/style><span class=\"elementor-heading-title elementor-size-medium\">Mercedes C-CLASS<\/span>\t\t<\/div>\n\t\t\t\t<\/div>\n\t\t\t\t<div class=\"elementor-element elementor-element-62036de elementor-widget elementor-widget-image\" data-id=\"62036de\" data-element_type=\"widget\" data-widget_type=\"image.default\">\n\t\t\t\t<div class=\"elementor-widget-container\">\n\t\t\t<style>\/*! elementor - v3.17.0 - 08-11-2023 *\/\n.elementor-widget-image{text-align:center}.elementor-widget-image a{display:inline-block}.elementor-widget-image a img[src$=\".svg\"]{width:48px}.elementor-widget-image img{vertical-align:middle;display:inline-block}<\/style>\t\t\t\t\t\t\t\t\t\t\t\t<img fetchpriority=\"high\" decoding=\"async\" width=\"350\" height=\"200\" src=\"https:\/\/blackberline.fr\/wp-content\/uploads\/2023\/11\/location-voiture-mercedes-classe-c-1.webp\" class=\"attachment-large size-large wp-image-194\" alt=\"location-voiture-mercedes-classe-c-1\" srcset=\"https:\/\/blackberline.fr\/wp-content\/uploads\/2023\/11\/location-voiture-mercedes-classe-c-1.webp 350w, https:\/\/blackberline.fr\/wp-content\/uploads\/2023\/11\/location-voiture-mercedes-classe-c-1-300x171.webp 300w\" sizes=\"100vw\" \/>\t\t\t\t\t\t\t\t\t\t\t\t\t\t\t<\/div>\n\t\t\t\t<\/div>\n\t\t\t\t<\/div>\n\t\t<div class=\"elementor-element elementor-element-bde3dbb e-con-full e-flex e-con e-child\" data-id=\"bde3dbb\" data-element_type=\"container\" data-settings=\"{&quot;content_width&quot;:&quot;full&quot;}\">\n\t\t\t\t<div class=\"elementor-element elementor-element-3327939 elementor-widget elementor-widget-text-editor\" data-id=\"3327939\" data-element_type=\"widget\" data-widget_type=\"text-editor.default\">\n\t\t\t\t<div class=\"elementor-widget-container\">\n\t\t\t<style>\/*! elementor - v3.17.0 - 08-11-2023 *\/\n.elementor-widget-text-editor.elementor-drop-cap-view-stacked .elementor-drop-cap{background-color:#69727d;color:#fff}.elementor-widget-text-editor.elementor-drop-cap-view-framed .elementor-drop-cap{color:#69727d;border:3px solid;background-color:transparent}.elementor-widget-text-editor:not(.elementor-drop-cap-view-default) .elementor-drop-cap{margin-top:8px}.elementor-widget-text-editor:not(.elementor-drop-cap-view-default) .elementor-drop-cap-letter{width:1em;height:1em}.elementor-widget-text-editor .elementor-drop-cap{float:left;text-align:center;line-height:1;font-size:50px}.elementor-widget-text-editor .elementor-drop-cap-letter{display:inline-block}<\/style>\t\t\t\t<p>La Mercedes classe C est le v\u00e9hicule interm\u00e9diaire par excellence, entre la berline standard et la limousine. Pouvant accueillir 3 passagers et 3 bagages.<\/p>\t\t\t\t\t\t<\/div>\n\t\t\t\t<\/div>\n\t\t\t\t<\/div>\n\t\t<div class=\"elementor-element elementor-element-39bb29a e-con-full e-flex e-con e-child\" data-id=\"39bb29a\" data-element_type=\"container\" data-settings=\"{&quot;content_width&quot;:&quot;full&quot;}\">\n\t\t\t\t<div class=\"elementor-element elementor-element-47a8d18 elementor-widget elementor-widget-text-editor\" data-id=\"47a8d18\" data-element_type=\"widget\" data-widget_type=\"text-editor.default\">\n\t\t\t\t<div class=\"elementor-widget-container\">\n\t\t\t\t\t\t\t<p>Nous poss\u00e9dons une grande flotte de Mercedes Classe V Pouvant accueillir 7 passagers ainsi que leurs bagages tous en voyagent dans un confort irr\u00e9prochable menant un bien vos transfert ou mise \u00e0 disposition seul ou en famille. Nous pouvons aussi vous proposez des Mercedes classe V en configuration 8 places.<\/p>\t\t\t\t\t\t<\/div>\n\t\t\t\t<\/div>\n\t\t\t\t<\/div>\n\t\t<div class=\"elementor-element elementor-element-c9b6be9 e-con-full e-flex e-con e-child\" data-id=\"c9b6be9\" data-element_type=\"container\" data-settings=\"{&quot;content_width&quot;:&quot;full&quot;}\">\n\t\t\t\t<div class=\"elementor-element elementor-element-1856124 elementor-widget elementor-widget-heading\" data-id=\"1856124\" data-element_type=\"widget\" data-widget_type=\"heading.default\">\n\t\t\t\t<div class=\"elementor-widget-container\">\n\t\t\t<h2 class=\"elementor-heading-title elementor-size-medium\">Mercedes V-CLASS<\/h2>\t\t<\/div>\n\t\t\t\t<\/div>\n\t\t\t\t<div class=\"elementor-element elementor-element-5e8b2ef elementor-widget elementor-widget-image\" data-id=\"5e8b2ef\" data-element_type=\"widget\" data-widget_type=\"image.default\">\n\t\t\t\t<div class=\"elementor-widget-container\">\n\t\t\t\t\t\t\t\t\t\t\t\t\t\t\t<img decoding=\"async\" width=\"600\" height=\"343\" src=\"https:\/\/blackberline.fr\/wp-content\/uploads\/2023\/11\/10plan-de-travail-1.webp\" class=\"attachment-large size-large wp-image-195\" alt=\"10Plan-de-travail-1\" srcset=\"https:\/\/blackberline.fr\/wp-content\/uploads\/2023\/11\/10plan-de-travail-1.webp 600w, https:\/\/blackberline.fr\/wp-content\/uploads\/2023\/11\/10plan-de-travail-1-300x172.webp 300w, https:\/\/blackberline.fr\/wp-content\/uploads\/2023\/11\/10plan-de-travail-1-460x263.webp 460w\" sizes=\"100vw\" \/>\t\t\t\t\t\t\t\t\t\t\t\t\t\t\t<\/div>\n\t\t\t\t<\/div>\n\t\t\t\t<\/div>\n\t\t\t\t\t<\/div>\n\t\t\t\t<\/div>\n\t\t<div class=\"elementor-element elementor-element-7b5b901 e-flex e-con-boxed e-con e-parent\" data-id=\"7b5b901\" data-element_type=\"container\" data-settings=\"{&quot;content_width&quot;:&quot;boxed&quot;}\" data-core-v316-plus=\"true\">\n\t\t\t\t\t<div class=\"e-con-inner\">\n\t\t<div class=\"elementor-element elementor-element-e3bed7b e-con-full e-flex e-con e-child\" data-id=\"e3bed7b\" data-element_type=\"container\" data-settings=\"{&quot;content_width&quot;:&quot;full&quot;}\">\n\t\t\t\t<div class=\"elementor-element elementor-element-83cf644 elementor-widget elementor-widget-heading\" data-id=\"83cf644\" data-element_type=\"widget\" data-widget_type=\"heading.default\">\n\t\t\t\t<div class=\"elementor-widget-container\">\n\t\t\t<h2 class=\"elementor-heading-title elementor-size-medium\">Toyota Corolla Hybride<\/h2>\t\t<\/div>\n\t\t\t\t<\/div>\n\t\t\t\t<div class=\"elementor-element elementor-element-ba8dc74 elementor-widget elementor-widget-image\" data-id=\"ba8dc74\" data-element_type=\"widget\" data-widget_type=\"image.default\">\n\t\t\t\t<div class=\"elementor-widget-container\">\n\t\t\t\t\t\t\t\t\t\t\t\t\t\t\t<img decoding=\"async\" width=\"950\" height=\"474\" src=\"https:\/\/blackberline.fr\/wp-content\/uploads\/2023\/11\/day-exterior-4-1024x511-1.webp\" class=\"attachment-large size-large wp-image-196\" alt=\"day-exterior-4-1024x511\" srcset=\"https:\/\/blackberline.fr\/wp-content\/uploads\/2023\/11\/day-exterior-4-1024x511-1.webp 1024w, https:\/\/blackberline.fr\/wp-content\/uploads\/2023\/11\/day-exterior-4-1024x511-1-300x150.webp 300w, https:\/\/blackberline.fr\/wp-content\/uploads\/2023\/11\/day-exterior-4-1024x511-1-768x383.webp 768w, https:\/\/blackberline.fr\/wp-content\/uploads\/2023\/11\/day-exterior-4-1024x511-1-460x230.webp 460w, https:\/\/blackberline.fr\/wp-content\/uploads\/2023\/11\/day-exterior-4-1024x511-1-800x399.webp 800w\" sizes=\"100vw\" \/>\t\t\t\t\t\t\t\t\t\t\t\t\t\t\t<\/div>\n\t\t\t\t<\/div>\n\t\t\t\t<\/div>\n\t\t<div class=\"elementor-element elementor-element-6503e9f e-con-full e-flex e-con e-child\" data-id=\"6503e9f\" data-element_type=\"container\" data-settings=\"{&quot;content_width&quot;:&quot;full&quot;}\">\n\t\t\t\t<div class=\"elementor-element elementor-element-18b6907 elementor-widget elementor-widget-text-editor\" data-id=\"18b6907\" data-element_type=\"widget\" data-widget_type=\"text-editor.default\">\n\t\t\t\t<div class=\"elementor-widget-container\">\n\t\t\t\t\t\t\t<p>D\u00e9couvrez l&#8217;alliance parfaite entre confort et efficacit\u00e9 avec notre voiture hybride dernier cri.<\/p><p>R\u00e9servez d\u00e8s maintenant sur notre site pour vivre l&#8217;exp\u00e9rience d&#8217;une conduite \u00e9cologique sans compromis sur la performance.<\/p>\t\t\t\t\t\t<\/div>\n\t\t\t\t<\/div>\n\t\t\t\t<\/div>\n\t\t\t\t\t<\/div>\n\t\t\t\t<\/div>\n\t\t<div class=\"elementor-element elementor-element-4a63e6a e-flex e-con-boxed e-con e-parent\" data-id=\"4a63e6a\" data-element_type=\"container\" data-settings=\"{&quot;content_width&quot;:&quot;boxed&quot;}\" data-core-v316-plus=\"true\">\n\t\t\t\t\t<div class=\"e-con-inner\">\n\t\t\t\t<div class=\"elementor-element elementor-element-2547f5d elementor-widget elementor-widget-spacer\" data-id=\"2547f5d\" data-element_type=\"widget\" data-widget_type=\"spacer.default\">\n\t\t\t\t<div class=\"elementor-widget-container\">\n\t\t\t<style>\/*! elementor - v3.17.0 - 08-11-2023 *\/\n.elementor-column .elementor-spacer-inner{height:var(--spacer-size)}.e-con{--container-widget-width:100%}.e-con-inner>.elementor-widget-spacer,.e-con>.elementor-widget-spacer{width:var(--container-widget-width,var(--spacer-size));--align-self:var(--container-widget-align-self,initial);--flex-shrink:0}.e-con-inner>.elementor-widget-spacer>.elementor-widget-container,.e-con>.elementor-widget-spacer>.elementor-widget-container{height:100%;width:100%}.e-con-inner>.elementor-widget-spacer>.elementor-widget-container>.elementor-spacer,.e-con>.elementor-widget-spacer>.elementor-widget-container>.elementor-spacer{height:100%}.e-con-inner>.elementor-widget-spacer>.elementor-widget-container>.elementor-spacer>.elementor-spacer-inner,.e-con>.elementor-widget-spacer>.elementor-widget-container>.elementor-spacer>.elementor-spacer-inner{height:var(--container-widget-height,var(--spacer-size))}.e-con-inner>.elementor-widget-spacer.elementor-widget-empty,.e-con>.elementor-widget-spacer.elementor-widget-empty{position:relative;min-height:22px;min-width:22px}.e-con-inner>.elementor-widget-spacer.elementor-widget-empty .elementor-widget-empty-icon,.e-con>.elementor-widget-spacer.elementor-widget-empty .elementor-widget-empty-icon{position:absolute;top:0;bottom:0;left:0;right:0;margin:auto;padding:0;width:22px;height:22px}<\/style>\t\t<div class=\"elementor-spacer\">\n\t\t\t<div class=\"elementor-spacer-inner\"><\/div>\n\t\t<\/div>\n\t\t\t\t<\/div>\n\t\t\t\t<\/div>\n\t\t\t\t<div class=\"elementor-element elementor-element-fbb5950 elementor-align-center elementor-widget elementor-widget-button\" data-id=\"fbb5950\" data-element_type=\"widget\" data-widget_type=\"button.default\">\n\t\t\t\t<div class=\"elementor-widget-container\">\n\t\t\t\t\t<div class=\"elementor-button-wrapper\">\n\t\t\t<a class=\"elementor-button elementor-button-link elementor-size-sm\" href=\"https:\/\/blackberline.fr\/#panel-1\">\n\t\t\t\t\t\t<span class=\"elementor-button-content-wrapper\">\n\t\t\t\t\t\t<span class=\"elementor-button-text\">Je choisis mon v\u00e9hicule et je r\u00e9serve !<\/span>\n\t\t<\/span>\n\t\t\t\t\t<\/a>\n\t\t<\/div>\n\t\t\t\t<\/div>\n\t\t\t\t<\/div>\n\t\t\t\t\t<\/div>\n\t\t\t\t<\/div>\n\t\t<div class=\"elementor-element elementor-element-355177f e-flex e-con-boxed e-con e-parent\" data-id=\"355177f\" data-element_type=\"container\" data-settings=\"{&quot;content_width&quot;:&quot;boxed&quot;}\" data-core-v316-plus=\"true\">\n\t\t\t\t\t<div class=\"e-con-inner\">\n\t\t\t\t<div class=\"elementor-element elementor-element-3585cfa elementor-widget elementor-widget-spacer\" data-id=\"3585cfa\" data-element_type=\"widget\" data-widget_type=\"spacer.default\">\n\t\t\t\t<div class=\"elementor-widget-container\">\n\t\t\t\t\t<div class=\"elementor-spacer\">\n\t\t\t<div class=\"elementor-spacer-inner\"><\/div>\n\t\t<\/div>\n\t\t\t\t<\/div>\n\t\t\t\t<\/div>\n\t\t\t\t\t<\/div>\n\t\t\t\t<\/div>\n\t\t<div class=\"elementor-element elementor-element-e792ab8 e-flex e-con-boxed e-con e-parent\" data-id=\"e792ab8\" data-element_type=\"container\" data-settings=\"{&quot;content_width&quot;:&quot;boxed&quot;}\" data-core-v316-plus=\"true\">\n\t\t\t\t\t<div class=\"e-con-inner\">\n\t\t\t\t\t<\/div>\n\t\t\t\t<\/div>\n\t\t\t\t\t\t\t<\/div>\n\t\t","protected":false},"excerpt":{"rendered":"<p>Mercedes C-CLASS La Mercedes classe C est le v\u00e9hicule interm\u00e9diaire par excellence, entre la berline standard et la limousine. Pouvant accueillir 3 passagers et 3 bagages. Nous poss\u00e9dons une grande flotte de Mercedes Classe V Pouvant accueillir 7 passagers ainsi que leurs bagages tous en voyagent dans un confort irr\u00e9prochable menant un bien vos transfert &hellip; <\/p>\n<p class=\"link-more\"><a href=\"https:\/\/blackberline.fr\/index.php\/flotte\/\" class=\"more-link\">Read more<span class=\"screen-reader-text\"> &#8220;Flotte&#8221;<\/span><\/a><\/p>\n","protected":false},"author":1,"featured_media":0,"parent":0,"menu_order":0,"comment_status":"closed","ping_status":"closed","template":"","meta":{"footnotes":""},"class_list":["post-171","page","type-page","status-publish","hentry"],"_links":{"self":[{"href":"https:\/\/blackberline.fr\/index.php\/wp-json\/wp\/v2\/pages\/171","targetHints":{"allow":["GET"]}}],"collection":[{"href":"https:\/\/blackberline.fr\/index.php\/wp-json\/wp\/v2\/pages"}],"about":[{"href":"https:\/\/blackberline.fr\/index.php\/wp-json\/wp\/v2\/types\/page"}],"author":[{"embeddable":true,"href":"https:\/\/blackberline.fr\/index.php\/wp-json\/wp\/v2\/users\/1"}],"replies":[{"embeddable":true,"href":"https:\/\/blackberline.fr\/index.php\/wp-json\/wp\/v2\/comments?post=171"}],"version-history":[{"count":11,"href":"https:\/\/blackberline.fr\/index.php\/wp-json\/wp\/v2\/pages\/171\/revisions"}],"predecessor-version":[{"id":336,"href":"https:\/\/blackberline.fr\/index.php\/wp-json\/wp\/v2\/pages\/171\/revisions\/336"}],"wp:attachment":[{"href":"https:\/\/blackberline.fr\/index.php\/wp-json\/wp\/v2\/media?parent=171"}],"curies":[{"name":"wp","href":"https:\/\/api.w.org\/{rel}","templated":true}]}}