{"id":114,"date":"2023-11-15T14:23:26","date_gmt":"2023-11-15T13:23:26","guid":{"rendered":"http:\/\/blackberline.fr\/?page_id=114"},"modified":"2023-11-17T21:32:02","modified_gmt":"2023-11-17T20:32:02","slug":"services","status":"publish","type":"page","link":"https:\/\/blackberline.fr\/index.php\/services\/","title":{"rendered":"Services"},"content":{"rendered":"\t\t<div data-elementor-type=\"wp-page\" data-elementor-id=\"114\" class=\"elementor elementor-114\">\n\t\t\t\t\t\t\t<div class=\"elementor-element elementor-element-60053ea e-flex e-con-boxed e-con e-parent\" data-id=\"60053ea\" data-element_type=\"container\" data-settings=\"{&quot;content_width&quot;:&quot;boxed&quot;}\" data-core-v316-plus=\"true\">\n\t\t\t\t\t<div class=\"e-con-inner\">\n\t\t\t\t<div class=\"elementor-element elementor-element-3afcd60 elementor-widget elementor-widget-heading\" data-id=\"3afcd60\" data-element_type=\"widget\" data-widget_type=\"heading.default\">\n\t\t\t\t<div class=\"elementor-widget-container\">\n\t\t\t<style>\/*! elementor - v3.17.0 - 08-11-2023 *\/\n.elementor-heading-title{padding:0;margin:0;line-height:1}.elementor-widget-heading .elementor-heading-title[class*=elementor-size-]>a{color:inherit;font-size:inherit;line-height:inherit}.elementor-widget-heading .elementor-heading-title.elementor-size-small{font-size:15px}.elementor-widget-heading .elementor-heading-title.elementor-size-medium{font-size:19px}.elementor-widget-heading .elementor-heading-title.elementor-size-large{font-size:29px}.elementor-widget-heading .elementor-heading-title.elementor-size-xl{font-size:39px}.elementor-widget-heading .elementor-heading-title.elementor-size-xxl{font-size:59px}<\/style><h2 class=\"elementor-heading-title elementor-size-default\">Nos Services de Transport Priv\u00e9\n<\/h2>\t\t<\/div>\n\t\t\t\t<\/div>\n\t\t\t\t\t<\/div>\n\t\t\t\t<\/div>\n\t\t<div class=\"elementor-element elementor-element-ee40d91 e-flex e-con-boxed e-con e-parent\" data-id=\"ee40d91\" data-element_type=\"container\" data-settings=\"{&quot;content_width&quot;:&quot;boxed&quot;}\" data-core-v316-plus=\"true\">\n\t\t\t\t\t<div class=\"e-con-inner\">\n\t\t\t\t<div class=\"elementor-element elementor-element-da5c551 elementor-widget elementor-widget-text-editor\" data-id=\"da5c551\" data-element_type=\"widget\" data-widget_type=\"text-editor.default\">\n\t\t\t\t<div class=\"elementor-widget-container\">\n\t\t\t<style>\/*! elementor - v3.17.0 - 08-11-2023 *\/\n.elementor-widget-text-editor.elementor-drop-cap-view-stacked .elementor-drop-cap{background-color:#69727d;color:#fff}.elementor-widget-text-editor.elementor-drop-cap-view-framed .elementor-drop-cap{color:#69727d;border:3px solid;background-color:transparent}.elementor-widget-text-editor:not(.elementor-drop-cap-view-default) .elementor-drop-cap{margin-top:8px}.elementor-widget-text-editor:not(.elementor-drop-cap-view-default) .elementor-drop-cap-letter{width:1em;height:1em}.elementor-widget-text-editor .elementor-drop-cap{float:left;text-align:center;line-height:1;font-size:50px}.elementor-widget-text-editor .elementor-drop-cap-letter{display:inline-block}<\/style>\t\t\t\t<p style=\"text-align: center;\"><span style=\"font-family: 'Times New Roman', serif; font-size: 12pt; color: var( --e-global-color-c114ded );\">Votre partenaire de confiance <\/span><b style=\"font-family: 'Times New Roman', serif; font-size: 12pt; color: var( --e-global-color-c114ded );\">BLACK BERLINE<\/b><span style=\"font-family: 'Times New Roman', serif; font-size: 12pt; color: var( --e-global-color-c114ded );\"> pour des d\u00e9placements en toute s\u00e9r\u00e9nit\u00e9. Nous sommes fiers de vous offrir une gamme compl\u00e8te de services de transport priv\u00e9, con\u00e7us pour r\u00e9pondre \u00e0 vos besoins sp\u00e9cifiques.<\/span><\/p><p style=\"text-align: center;\"><strong>\u00a0<\/strong><\/p><p style=\"text-align: center;\"><strong>Transferts A\u00e9roport\/Gares\u00a0<\/strong><\/p><p style=\"text-align: center;\">Profitez d&#8217;un d\u00e9part et d&#8217;une arriv\u00e9e en toute tranquillit\u00e9 avec nos transferts a\u00e9roport. Nos chauffeurs professionnels vous accueilleront avec le sourire, vous aidant avec vos bagages et vous conduiront confortablement vers votre destination.<strong>\u00a0<\/strong><\/p><p style=\"text-align: center;\"><strong>\u00a0<\/strong><\/p><p style=\"text-align: center;\"><strong>\u00a0<\/strong><\/p><p style=\"text-align: center;\"><strong>D\u00e9placements Professionnels<\/strong><\/p><p style=\"text-align: center;\">Que ce soit pour des r\u00e9unions, des rendez-vous d&#8217;affaires ou des visites clients, notre \u00e9quipe veille \u00e0 ce que vous atteigniez vos destinations \u00e0 l&#8217;heure.<\/p><p style=\"text-align: center;\"><strong>\u00c9v\u00e9nements Sp\u00e9ciaux<\/strong><\/p><p style=\"text-align: center;\">Faites de chaque \u00e9v\u00e9nement un moment inoubliable en choisissant notre service VTC.<\/p><p style=\"text-align: center;\">Que ce soit pour un mariage, un anniversaire ou une soir\u00e9e sp\u00e9ciale !<\/p><p style=\"text-align: center;\"><strong>Excursions Touristiques<\/strong><\/p><p style=\"text-align: center;\">Explorez les beaut\u00e9s de la r\u00e9gion en toute tranquillit\u00e9 avec nos excursions touristiques.<\/p><p style=\"text-align: center;\">Nos chauffeurs locaux vous guideront \u00e0 travers les sites embl\u00e9matiques, vous fournissant des informations int\u00e9ressantes tout en assurant votre confort tout au long du trajet.<\/p><p style=\"text-align: center;\"><strong>V\u00e9hicules Confortables et \u00c9l\u00e9gants<\/strong><\/p><p style=\"text-align: center;\">Chez <strong>BLACK BERLINE<\/strong>, nous mettons \u00e0 votre disposition une flotte de v\u00e9hicules r\u00e9cent, soigneusement entretenus pour vous offrir un voyage exceptionnelle.<\/p><p style=\"text-align: center;\">Que vous choisissiez une berline luxueuse, un VAN spacieux ou une limousine \u00e9l\u00e9gante.<\/p><p style=\"text-align: center;\">Notre parc automobile r\u00e9pond \u00e0 toutes vos exigences.<\/p><p style=\"text-align: center;\"><strong>\u00a0<\/strong><\/p><p style=\"text-align: center;\"><strong>Chauffeurs Professionnels et Courtois<\/strong><\/p><p style=\"text-align: center;\">Nos chauffeurs sont plus que des conducteurs, ils sont des professionnels exp\u00e9riment\u00e9s, courtois et d\u00e9vou\u00e9s \u00e0 assurer votre s\u00e9curit\u00e9 et votre satisfaction \u00e0 chaque instant.<\/p><p style=\"text-align: center;\">Ils connaissent parfaitement la r\u00e9gion, garantissant un trajet efficace et sans tracas.<\/p><p style=\"text-align: center;\">R\u00e9servez d\u00e8s maintenant et laissez <strong>BLACK BERLINE<\/strong> prendre en charge tous vos d\u00e9placements avec un service exceptionnel.<\/p><p style=\"text-align: center;\">Nous nous engageons \u00e0 faire de chaque trajet une exp\u00e9rience m\u00e9morable.<\/p>\t\t\t\t\t\t<\/div>\n\t\t\t\t<\/div>\n\t\t\t\t<div class=\"elementor-element elementor-element-c8e3e05 elementor-widget elementor-widget-spacer\" data-id=\"c8e3e05\" data-element_type=\"widget\" data-widget_type=\"spacer.default\">\n\t\t\t\t<div class=\"elementor-widget-container\">\n\t\t\t<style>\/*! elementor - v3.17.0 - 08-11-2023 *\/\n.elementor-column .elementor-spacer-inner{height:var(--spacer-size)}.e-con{--container-widget-width:100%}.e-con-inner>.elementor-widget-spacer,.e-con>.elementor-widget-spacer{width:var(--container-widget-width,var(--spacer-size));--align-self:var(--container-widget-align-self,initial);--flex-shrink:0}.e-con-inner>.elementor-widget-spacer>.elementor-widget-container,.e-con>.elementor-widget-spacer>.elementor-widget-container{height:100%;width:100%}.e-con-inner>.elementor-widget-spacer>.elementor-widget-container>.elementor-spacer,.e-con>.elementor-widget-spacer>.elementor-widget-container>.elementor-spacer{height:100%}.e-con-inner>.elementor-widget-spacer>.elementor-widget-container>.elementor-spacer>.elementor-spacer-inner,.e-con>.elementor-widget-spacer>.elementor-widget-container>.elementor-spacer>.elementor-spacer-inner{height:var(--container-widget-height,var(--spacer-size))}.e-con-inner>.elementor-widget-spacer.elementor-widget-empty,.e-con>.elementor-widget-spacer.elementor-widget-empty{position:relative;min-height:22px;min-width:22px}.e-con-inner>.elementor-widget-spacer.elementor-widget-empty .elementor-widget-empty-icon,.e-con>.elementor-widget-spacer.elementor-widget-empty .elementor-widget-empty-icon{position:absolute;top:0;bottom:0;left:0;right:0;margin:auto;padding:0;width:22px;height:22px}<\/style>\t\t<div class=\"elementor-spacer\">\n\t\t\t<div class=\"elementor-spacer-inner\"><\/div>\n\t\t<\/div>\n\t\t\t\t<\/div>\n\t\t\t\t<\/div>\n\t\t\t\t\t<\/div>\n\t\t\t\t<\/div>\n\t\t<div class=\"elementor-element elementor-element-b4e7eac e-flex e-con-boxed e-con e-parent\" data-id=\"b4e7eac\" data-element_type=\"container\" data-settings=\"{&quot;content_width&quot;:&quot;boxed&quot;}\" data-core-v316-plus=\"true\">\n\t\t\t\t\t<div class=\"e-con-inner\">\n\t\t\t\t<div class=\"elementor-element elementor-element-5705232 elementor-align-center elementor-widget elementor-widget-button\" data-id=\"5705232\" data-element_type=\"widget\" data-widget_type=\"button.default\">\n\t\t\t\t<div class=\"elementor-widget-container\">\n\t\t\t\t\t<div class=\"elementor-button-wrapper\">\n\t\t\t<a class=\"elementor-button elementor-button-link elementor-size-sm\" href=\"https:\/\/blackberline.fr\/#panel-1\">\n\t\t\t\t\t\t<span class=\"elementor-button-content-wrapper\">\n\t\t\t\t\t\t<span class=\"elementor-button-icon elementor-align-icon-left\">\n\t\t\t\t<i aria-hidden=\"true\" class=\"fas fa-car-side\"><\/i>\t\t\t<\/span>\n\t\t\t\t\t\t<span class=\"elementor-button-text\">Je r\u00e9serve !<\/span>\n\t\t<\/span>\n\t\t\t\t\t<\/a>\n\t\t<\/div>\n\t\t\t\t<\/div>\n\t\t\t\t<\/div>\n\t\t\t\t\t<\/div>\n\t\t\t\t<\/div>\n\t\t<div class=\"elementor-element elementor-element-00b3ba2 e-flex e-con-boxed e-con e-parent\" data-id=\"00b3ba2\" data-element_type=\"container\" data-settings=\"{&quot;content_width&quot;:&quot;boxed&quot;}\" data-core-v316-plus=\"true\">\n\t\t\t\t\t<div class=\"e-con-inner\">\n\t\t\t\t<div class=\"elementor-element elementor-element-3a236ee elementor-widget elementor-widget-spacer\" data-id=\"3a236ee\" data-element_type=\"widget\" data-widget_type=\"spacer.default\">\n\t\t\t\t<div class=\"elementor-widget-container\">\n\t\t\t\t\t<div class=\"elementor-spacer\">\n\t\t\t<div class=\"elementor-spacer-inner\"><\/div>\n\t\t<\/div>\n\t\t\t\t<\/div>\n\t\t\t\t<\/div>\n\t\t\t\t\t<\/div>\n\t\t\t\t<\/div>\n\t\t\t\t\t\t\t<\/div>\n\t\t","protected":false},"excerpt":{"rendered":"<p>Nos Services de Transport Priv\u00e9 Votre partenaire de confiance BLACK BERLINE pour des d\u00e9placements en toute s\u00e9r\u00e9nit\u00e9. Nous sommes fiers de vous offrir une gamme compl\u00e8te de services de transport priv\u00e9, con\u00e7us pour r\u00e9pondre \u00e0 vos besoins sp\u00e9cifiques. \u00a0 Transferts A\u00e9roport\/Gares\u00a0 Profitez d&#8217;un d\u00e9part et d&#8217;une arriv\u00e9e en toute tranquillit\u00e9 avec nos transferts a\u00e9roport. Nos &hellip; <\/p>\n<p class=\"link-more\"><a href=\"https:\/\/blackberline.fr\/index.php\/services\/\" class=\"more-link\">Read more<span class=\"screen-reader-text\"> &#8220;Services&#8221;<\/span><\/a><\/p>\n","protected":false},"author":1,"featured_media":0,"parent":0,"menu_order":0,"comment_status":"closed","ping_status":"closed","template":"","meta":{"footnotes":""},"class_list":["post-114","page","type-page","status-publish","hentry"],"_links":{"self":[{"href":"https:\/\/blackberline.fr\/index.php\/wp-json\/wp\/v2\/pages\/114","targetHints":{"allow":["GET"]}}],"collection":[{"href":"https:\/\/blackberline.fr\/index.php\/wp-json\/wp\/v2\/pages"}],"about":[{"href":"https:\/\/blackberline.fr\/index.php\/wp-json\/wp\/v2\/types\/page"}],"author":[{"embeddable":true,"href":"https:\/\/blackberline.fr\/index.php\/wp-json\/wp\/v2\/users\/1"}],"replies":[{"embeddable":true,"href":"https:\/\/blackberline.fr\/index.php\/wp-json\/wp\/v2\/comments?post=114"}],"version-history":[{"count":28,"href":"https:\/\/blackberline.fr\/index.php\/wp-json\/wp\/v2\/pages\/114\/revisions"}],"predecessor-version":[{"id":308,"href":"https:\/\/blackberline.fr\/index.php\/wp-json\/wp\/v2\/pages\/114\/revisions\/308"}],"wp:attachment":[{"href":"https:\/\/blackberline.fr\/index.php\/wp-json\/wp\/v2\/media?parent=114"}],"curies":[{"name":"wp","href":"https:\/\/api.w.org\/{rel}","templated":true}]}}